{"id":98,"date":"2020-11-14T15:09:22","date_gmt":"2020-11-14T15:09:22","guid":{"rendered":"https:\/\/www.wohngenossenschaft-erzenberg.ch\/?page_id=98"},"modified":"2022-03-06T10:07:25","modified_gmt":"2022-03-06T10:07:25","slug":"carsharing","status":"publish","type":"page","link":"https:\/\/www.wohngenossenschaft-erzenberg.ch\/index.php\/carsharing\/","title":{"rendered":"Carsharing"},"content":{"rendered":"\t\t<div data-elementor-type=\"wp-page\" data-elementor-id=\"98\" class=\"elementor elementor-98\">\n\t\t\t\t\t\t<section class=\"elementor-section elementor-top-section elementor-element elementor-element-82ebcef elementor-section-boxed elementor-section-height-default elementor-section-height-default\" data-id=\"82ebcef\" data-element_type=\"section\" data-e-type=\"section\">\n\t\t\t\t\t\t<div class=\"elementor-container elementor-column-gap-default\">\n\t\t\t\t\t<div class=\"elementor-column elementor-col-66 elementor-top-column elementor-element elementor-element-c350a6a\" data-id=\"c350a6a\" data-element_type=\"column\" data-e-type=\"column\">\n\t\t\t<div class=\"elementor-widget-wrap elementor-element-populated\">\n\t\t\t\t\t\t<div class=\"elementor-element elementor-element-e2d240a elementor-widget elementor-widget-text-editor\" data-id=\"e2d240a\" data-element_type=\"widget\" data-e-type=\"widget\" data-widget_type=\"text-editor.default\">\n\t\t\t\t<div class=\"elementor-widget-container\">\n\t\t\t\t\t\t\t\t\t<p><span style=\"font-size: 12.0pt; line-height: 115%; font-family: 'Arial','sans-serif';\">Wir haben seit 2019 ein internes Carsharing am Erzenberg aufgebaut, um einerseits eine klimaneutrale Mobilit\u00e4t (E-Autos mit Strom aus eigener Photovoltaik) zu unterst\u00fcten und andererseits die Anzahl an ben\u00f6tigten privaten Fahrzeugen zu reduzieren.<\/span><\/p>\t\t\t\t\t\t\t\t<\/div>\n\t\t\t\t<\/div>\n\t\t\t\t\t<\/div>\n\t\t<\/div>\n\t\t\t\t<div class=\"elementor-column elementor-col-33 elementor-top-column elementor-element elementor-element-cb25293\" data-id=\"cb25293\" data-element_type=\"column\" data-e-type=\"column\">\n\t\t\t<div class=\"elementor-widget-wrap elementor-element-populated\">\n\t\t\t\t\t\t<div class=\"elementor-element elementor-element-5c8e533 elementor-widget elementor-widget-image\" data-id=\"5c8e533\" data-element_type=\"widget\" data-e-type=\"widget\" data-widget_type=\"image.default\">\n\t\t\t\t<div class=\"elementor-widget-container\">\n\t\t\t\t\t\t\t\t\t\t\t\t<figure class=\"wp-caption\">\n\t\t\t\t\t\t\t\t\t\t<img fetchpriority=\"high\" decoding=\"async\" width=\"696\" height=\"402\" src=\"https:\/\/www.wohngenossenschaft-erzenberg.ch\/wp-content\/uploads\/2020\/11\/2-Zoes.jpg\" class=\"attachment-large size-large wp-image-102\" alt=\"\" srcset=\"https:\/\/www.wohngenossenschaft-erzenberg.ch\/wp-content\/uploads\/2020\/11\/2-Zoes.jpg 696w, https:\/\/www.wohngenossenschaft-erzenberg.ch\/wp-content\/uploads\/2020\/11\/2-Zoes-300x173.jpg 300w\" sizes=\"(max-width: 696px) 100vw, 696px\" \/>\t\t\t\t\t\t\t\t\t\t\t<figcaption class=\"widget-image-caption wp-caption-text\">2 Renault Zoe Bj2015<\/figcaption>\n\t\t\t\t\t\t\t\t\t\t<\/figure>\n\t\t\t\t\t\t\t\t\t<\/div>\n\t\t\t\t<\/div>\n\t\t\t\t\t<\/div>\n\t\t<\/div>\n\t\t\t\t\t<\/div>\n\t\t<\/section>\n\t\t\t\t<section class=\"elementor-section elementor-top-section elementor-element elementor-element-32fe1d1 elementor-section-boxed elementor-section-height-default elementor-section-height-default\" data-id=\"32fe1d1\" data-element_type=\"section\" data-e-type=\"section\">\n\t\t\t\t\t\t<div class=\"elementor-container elementor-column-gap-default\">\n\t\t\t\t\t<div class=\"elementor-column elementor-col-33 elementor-top-column elementor-element elementor-element-b917ed9\" data-id=\"b917ed9\" data-element_type=\"column\" data-e-type=\"column\">\n\t\t\t<div class=\"elementor-widget-wrap elementor-element-populated\">\n\t\t\t\t\t\t<div class=\"elementor-element elementor-element-a1b183f elementor-widget elementor-widget-image\" data-id=\"a1b183f\" data-element_type=\"widget\" data-e-type=\"widget\" data-widget_type=\"image.default\">\n\t\t\t\t<div class=\"elementor-widget-container\">\n\t\t\t\t\t\t\t\t\t\t\t\t<figure class=\"wp-caption\">\n\t\t\t\t\t\t\t\t\t\t<img decoding=\"async\" width=\"768\" height=\"432\" src=\"https:\/\/www.wohngenossenschaft-erzenberg.ch\/wp-content\/uploads\/2020\/11\/Skoda_CITIGOe_iV-01.jpg\" class=\"attachment-large size-large wp-image-101\" alt=\"\" srcset=\"https:\/\/www.wohngenossenschaft-erzenberg.ch\/wp-content\/uploads\/2020\/11\/Skoda_CITIGOe_iV-01.jpg 768w, https:\/\/www.wohngenossenschaft-erzenberg.ch\/wp-content\/uploads\/2020\/11\/Skoda_CITIGOe_iV-01-300x169.jpg 300w\" sizes=\"(max-width: 768px) 100vw, 768px\" \/>\t\t\t\t\t\t\t\t\t\t\t<figcaption class=\"widget-image-caption wp-caption-text\">Skoda e-citigo Bj2020<\/figcaption>\n\t\t\t\t\t\t\t\t\t\t<\/figure>\n\t\t\t\t\t\t\t\t\t<\/div>\n\t\t\t\t<\/div>\n\t\t\t\t\t<\/div>\n\t\t<\/div>\n\t\t\t\t<div class=\"elementor-column elementor-col-66 elementor-top-column elementor-element elementor-element-fcd849a\" data-id=\"fcd849a\" data-element_type=\"column\" data-e-type=\"column\">\n\t\t\t<div class=\"elementor-widget-wrap elementor-element-populated\">\n\t\t\t\t\t\t<div class=\"elementor-element elementor-element-75d96e6 elementor-widget elementor-widget-text-editor\" data-id=\"75d96e6\" data-element_type=\"widget\" data-e-type=\"widget\" data-widget_type=\"text-editor.default\">\n\t\t\t\t<div class=\"elementor-widget-container\">\n\t\t\t\t\t\t\t\t\t<p><span style=\"font-size: 12.0pt; font-family: 'Arial','sans-serif'; mso-fareast-font-family: 'Times New Roman'; mso-fareast-language: DE-CH;\">Zur Zeit kann man bei Bedarf aus einem Fahrzeugpool von zwei Renault Zoes und einem Skoda e-citigo w\u00e4hlen, um individuelle Mobilit\u00e4tsbed\u00fcrfnisse abzudecken. In Kombination mit der \u00d6V ist dann die Anschaffung und der Unterhalt eines privaten Fahrzeuges nicht n\u00f6tig. Die Kosten werden so g\u00fcnstig wie m\u00f6glich auf die Nutzer verteilt.<br><\/span><\/p>\t\t\t\t\t\t\t\t<\/div>\n\t\t\t\t<\/div>\n\t\t\t\t\t<\/div>\n\t\t<\/div>\n\t\t\t\t\t<\/div>\n\t\t<\/section>\n\t\t\t\t<\/div>\n\t\t","protected":false},"excerpt":{"rendered":"<p>Wir haben seit 2019 ein internes Carsharing am Erzenberg aufgebaut, um einerseits eine klimaneutrale Mobilit\u00e4t (E-Autos mit Strom aus eigener Photovoltaik) zu unterst\u00fcten und andererseits die Anzahl an ben\u00f6tigten privaten Fahrzeugen zu reduzieren. 2 Renault Zoe Bj2015 Skoda e-citigo Bj2020 Zur Zeit kann man bei Bedarf aus einem Fahrzeugpool von zwei Renault Zoes und einem [&hellip;]<\/p>\n","protected":false},"author":1,"featured_media":0,"parent":0,"menu_order":0,"comment_status":"closed","ping_status":"closed","template":"","meta":{"ocean_post_layout":"full-screen","ocean_both_sidebars_style":"","ocean_both_sidebars_content_width":0,"ocean_both_sidebars_sidebars_width":0,"ocean_sidebar":"0","ocean_second_sidebar":"0","ocean_disable_margins":"enable","ocean_add_body_class":"","ocean_shortcode_before_top_bar":"","ocean_shortcode_after_top_bar":"","ocean_shortcode_before_header":"","ocean_shortcode_after_header":"","ocean_has_shortcode":"","ocean_shortcode_after_title":"","ocean_shortcode_before_footer_widgets":"","ocean_shortcode_after_footer_widgets":"","ocean_shortcode_before_footer_bottom":"","ocean_shortcode_after_footer_bottom":"","ocean_display_top_bar":"default","ocean_display_header":"default","ocean_header_style":"","ocean_center_header_left_menu":"0","ocean_custom_header_template":"0","ocean_custom_logo":0,"ocean_custom_retina_logo":0,"ocean_custom_logo_max_width":0,"ocean_custom_logo_tablet_max_width":0,"ocean_custom_logo_mobile_max_width":0,"ocean_custom_logo_max_height":0,"ocean_custom_logo_tablet_max_height":0,"ocean_custom_logo_mobile_max_height":0,"ocean_header_custom_menu":"0","ocean_menu_typo_font_family":"0","ocean_menu_typo_font_subset":"","ocean_menu_typo_font_size":0,"ocean_menu_typo_font_size_tablet":0,"ocean_menu_typo_font_size_mobile":0,"ocean_menu_typo_font_size_unit":"px","ocean_menu_typo_font_weight":"","ocean_menu_typo_font_weight_tablet":"","ocean_menu_typo_font_weight_mobile":"","ocean_menu_typo_transform":"","ocean_menu_typo_transform_tablet":"","ocean_menu_typo_transform_mobile":"","ocean_menu_typo_line_height":0,"ocean_menu_typo_line_height_tablet":0,"ocean_menu_typo_line_height_mobile":0,"ocean_menu_typo_line_height_unit":"","ocean_menu_typo_spacing":0,"ocean_menu_typo_spacing_tablet":0,"ocean_menu_typo_spacing_mobile":0,"ocean_menu_typo_spacing_unit":"","ocean_menu_link_color":"","ocean_menu_link_color_hover":"","ocean_menu_link_color_active":"","ocean_menu_link_background":"","ocean_menu_link_hover_background":"","ocean_menu_link_active_background":"","ocean_menu_social_links_bg":"","ocean_menu_social_hover_links_bg":"","ocean_menu_social_links_color":"","ocean_menu_social_hover_links_color":"","ocean_disable_title":"default","ocean_disable_heading":"default","ocean_post_title":"","ocean_post_subheading":"","ocean_post_title_style":"","ocean_post_title_background_color":"","ocean_post_title_background":0,"ocean_post_title_bg_image_position":"","ocean_post_title_bg_image_attachment":"","ocean_post_title_bg_image_repeat":"","ocean_post_title_bg_image_size":"","ocean_post_title_height":0,"ocean_post_title_bg_overlay":0.5,"ocean_post_title_bg_overlay_color":"","ocean_disable_breadcrumbs":"default","ocean_breadcrumbs_color":"","ocean_breadcrumbs_separator_color":"","ocean_breadcrumbs_links_color":"","ocean_breadcrumbs_links_hover_color":"","ocean_display_footer_widgets":"default","ocean_display_footer_bottom":"default","ocean_custom_footer_template":"0","footnotes":""},"class_list":["post-98","page","type-page","status-publish","hentry","entry"],"_links":{"self":[{"href":"https:\/\/www.wohngenossenschaft-erzenberg.ch\/index.php\/wp-json\/wp\/v2\/pages\/98","targetHints":{"allow":["GET"]}}],"collection":[{"href":"https:\/\/www.wohngenossenschaft-erzenberg.ch\/index.php\/wp-json\/wp\/v2\/pages"}],"about":[{"href":"https:\/\/www.wohngenossenschaft-erzenberg.ch\/index.php\/wp-json\/wp\/v2\/types\/page"}],"author":[{"embeddable":true,"href":"https:\/\/www.wohngenossenschaft-erzenberg.ch\/index.php\/wp-json\/wp\/v2\/users\/1"}],"replies":[{"embeddable":true,"href":"https:\/\/www.wohngenossenschaft-erzenberg.ch\/index.php\/wp-json\/wp\/v2\/comments?post=98"}],"version-history":[{"count":7,"href":"https:\/\/www.wohngenossenschaft-erzenberg.ch\/index.php\/wp-json\/wp\/v2\/pages\/98\/revisions"}],"predecessor-version":[{"id":326,"href":"https:\/\/www.wohngenossenschaft-erzenberg.ch\/index.php\/wp-json\/wp\/v2\/pages\/98\/revisions\/326"}],"wp:attachment":[{"href":"https:\/\/www.wohngenossenschaft-erzenberg.ch\/index.php\/wp-json\/wp\/v2\/media?parent=98"}],"curies":[{"name":"wp","href":"https:\/\/api.w.org\/{rel}","templated":true}]}}