{"id":8,"date":"2020-11-07T17:31:16","date_gmt":"2020-11-07T17:31:16","guid":{"rendered":"https:\/\/www.wohngenossenschaft-erzenberg.ch\/?page_id=8"},"modified":"2025-02-22T16:53:17","modified_gmt":"2025-02-22T16:53:17","slug":"home","status":"publish","type":"page","link":"https:\/\/www.wohngenossenschaft-erzenberg.ch\/","title":{"rendered":"Home"},"content":{"rendered":"\t\t<div data-elementor-type=\"wp-page\" data-elementor-id=\"8\" class=\"elementor elementor-8\">\n\t\t\t\t\t\t<section class=\"elementor-section elementor-top-section elementor-element elementor-element-5d78309 elementor-section-full_width elementor-section-height-default elementor-section-height-default\" data-id=\"5d78309\" data-element_type=\"section\" data-e-type=\"section\">\n\t\t\t\t\t\t<div class=\"elementor-container elementor-column-gap-no\">\n\t\t\t\t\t<div class=\"elementor-column elementor-col-100 elementor-top-column elementor-element elementor-element-13f3f44\" data-id=\"13f3f44\" data-element_type=\"column\" data-e-type=\"column\">\n\t\t\t<div class=\"elementor-widget-wrap elementor-element-populated\">\n\t\t\t\t\t\t<div class=\"elementor-element elementor-element-482ace0 elementor-widget elementor-widget-image\" data-id=\"482ace0\" data-element_type=\"widget\" data-e-type=\"widget\" data-widget_type=\"image.default\">\n\t\t\t\t<div class=\"elementor-widget-container\">\n\t\t\t\t\t\t\t\t\t\t\t\t<figure class=\"wp-caption\">\n\t\t\t\t\t\t\t\t\t\t\t<a href=\"https:\/\/www.wohngenossenschaft-erzenberg.ch\/wp-content\/uploads\/2020\/11\/slide4.jpg\" data-elementor-open-lightbox=\"yes\" data-elementor-lightbox-title=\"slide4\" data-e-action-hash=\"#elementor-action%3Aaction%3Dlightbox%26settings%3DeyJpZCI6MzMsInVybCI6Imh0dHBzOlwvXC93d3cud29obmdlbm9zc2Vuc2NoYWZ0LWVyemVuYmVyZy5jaFwvd3AtY29udGVudFwvdXBsb2Fkc1wvMjAyMFwvMTFcL3NsaWRlNC5qcGcifQ%3D%3D\">\n\t\t\t\t\t\t\t<img fetchpriority=\"high\" decoding=\"async\" width=\"1024\" height=\"346\" src=\"https:\/\/www.wohngenossenschaft-erzenberg.ch\/wp-content\/uploads\/2020\/11\/slide4-1024x346.jpg\" class=\"attachment-large size-large wp-image-33\" alt=\"\" srcset=\"https:\/\/www.wohngenossenschaft-erzenberg.ch\/wp-content\/uploads\/2020\/11\/slide4-1024x346.jpg 1024w, https:\/\/www.wohngenossenschaft-erzenberg.ch\/wp-content\/uploads\/2020\/11\/slide4-300x101.jpg 300w, https:\/\/www.wohngenossenschaft-erzenberg.ch\/wp-content\/uploads\/2020\/11\/slide4-768x259.jpg 768w, https:\/\/www.wohngenossenschaft-erzenberg.ch\/wp-content\/uploads\/2020\/11\/slide4-1536x518.jpg 1536w, https:\/\/www.wohngenossenschaft-erzenberg.ch\/wp-content\/uploads\/2020\/11\/slide4.jpg 1600w\" sizes=\"(max-width: 1024px) 100vw, 1024px\" \/>\t\t\t\t\t\t\t\t<\/a>\n\t\t\t\t\t\t\t\t\t\t\t<figcaption class=\"widget-image-caption wp-caption-text\">Sanatoriumsgeb\u00e4ude<\/figcaption>\n\t\t\t\t\t\t\t\t\t\t<\/figure>\n\t\t\t\t\t\t\t\t\t<\/div>\n\t\t\t\t<\/div>\n\t\t\t\t\t<\/div>\n\t\t<\/div>\n\t\t\t\t\t<\/div>\n\t\t<\/section>\n\t\t\t\t<section class=\"elementor-section elementor-top-section elementor-element elementor-element-5ec0f2c elementor-section-boxed elementor-section-height-default elementor-section-height-default\" data-id=\"5ec0f2c\" data-element_type=\"section\" data-e-type=\"section\">\n\t\t\t\t\t\t<div class=\"elementor-container elementor-column-gap-default\">\n\t\t\t\t\t<div class=\"elementor-column elementor-col-100 elementor-top-column elementor-element elementor-element-db9d9af\" data-id=\"db9d9af\" data-element_type=\"column\" data-e-type=\"column\">\n\t\t\t<div class=\"elementor-widget-wrap elementor-element-populated\">\n\t\t\t\t\t\t<div class=\"elementor-element elementor-element-855f8bf elementor-widget-divider--view-line elementor-widget elementor-widget-divider\" data-id=\"855f8bf\" data-element_type=\"widget\" data-e-type=\"widget\" data-widget_type=\"divider.default\">\n\t\t\t\t<div class=\"elementor-widget-container\">\n\t\t\t\t\t\t\t<div class=\"elementor-divider\">\n\t\t\t<span class=\"elementor-divider-separator\">\n\t\t\t\t\t\t<\/span>\n\t\t<\/div>\n\t\t\t\t\t\t<\/div>\n\t\t\t\t<\/div>\n\t\t\t\t\t<\/div>\n\t\t<\/div>\n\t\t\t\t\t<\/div>\n\t\t<\/section>\n\t\t\t\t<section class=\"elementor-section elementor-top-section elementor-element elementor-element-6b064af elementor-section-full_width elementor-section-height-default elementor-section-height-default\" data-id=\"6b064af\" data-element_type=\"section\" data-e-type=\"section\">\n\t\t\t\t\t\t<div class=\"elementor-container elementor-column-gap-no\">\n\t\t\t\t\t<div class=\"elementor-column elementor-col-100 elementor-top-column elementor-element elementor-element-e10bd45\" data-id=\"e10bd45\" data-element_type=\"column\" data-e-type=\"column\">\n\t\t\t<div class=\"elementor-widget-wrap elementor-element-populated\">\n\t\t\t\t\t\t<div class=\"elementor-element elementor-element-0ed3dc0 elementor-widget elementor-widget-image\" data-id=\"0ed3dc0\" data-element_type=\"widget\" data-e-type=\"widget\" data-widget_type=\"image.default\">\n\t\t\t\t<div class=\"elementor-widget-container\">\n\t\t\t\t\t\t\t\t\t\t\t\t<figure class=\"wp-caption\">\n\t\t\t\t\t\t\t\t\t\t\t<a href=\"https:\/\/www.wohngenossenschaft-erzenberg.ch\/wp-content\/uploads\/2025\/01\/Schwengi12_Frontansicht.jpg\" data-elementor-open-lightbox=\"yes\" data-elementor-lightbox-title=\"Schwengi12_Frontansicht\" data-e-action-hash=\"#elementor-action%3Aaction%3Dlightbox%26settings%3DeyJpZCI6NTM1LCJ1cmwiOiJodHRwczpcL1wvd3d3LndvaG5nZW5vc3NlbnNjaGFmdC1lcnplbmJlcmcuY2hcL3dwLWNvbnRlbnRcL3VwbG9hZHNcLzIwMjVcLzAxXC9TY2h3ZW5naTEyX0Zyb250YW5zaWNodC5qcGcifQ%3D%3D\">\n\t\t\t\t\t\t\t<img decoding=\"async\" width=\"1024\" height=\"317\" src=\"https:\/\/www.wohngenossenschaft-erzenberg.ch\/wp-content\/uploads\/2025\/01\/Schwengi12_Frontansicht-1024x317.jpg\" class=\"attachment-large size-large wp-image-535\" alt=\"\" srcset=\"https:\/\/www.wohngenossenschaft-erzenberg.ch\/wp-content\/uploads\/2025\/01\/Schwengi12_Frontansicht-1024x317.jpg 1024w, https:\/\/www.wohngenossenschaft-erzenberg.ch\/wp-content\/uploads\/2025\/01\/Schwengi12_Frontansicht-300x93.jpg 300w, https:\/\/www.wohngenossenschaft-erzenberg.ch\/wp-content\/uploads\/2025\/01\/Schwengi12_Frontansicht-768x238.jpg 768w, https:\/\/www.wohngenossenschaft-erzenberg.ch\/wp-content\/uploads\/2025\/01\/Schwengi12_Frontansicht-1536x476.jpg 1536w, https:\/\/www.wohngenossenschaft-erzenberg.ch\/wp-content\/uploads\/2025\/01\/Schwengi12_Frontansicht.jpg 2025w\" sizes=\"(max-width: 1024px) 100vw, 1024px\" \/>\t\t\t\t\t\t\t\t<\/a>\n\t\t\t\t\t\t\t\t\t\t\t<figcaption class=\"widget-image-caption wp-caption-text\">Casa12<\/figcaption>\n\t\t\t\t\t\t\t\t\t\t<\/figure>\n\t\t\t\t\t\t\t\t\t<\/div>\n\t\t\t\t<\/div>\n\t\t\t\t\t<\/div>\n\t\t<\/div>\n\t\t\t\t\t<\/div>\n\t\t<\/section>\n\t\t\t\t<section class=\"elementor-section elementor-top-section elementor-element elementor-element-06175f2 elementor-section-boxed elementor-section-height-default elementor-section-height-default\" data-id=\"06175f2\" data-element_type=\"section\" data-e-type=\"section\">\n\t\t\t\t\t\t<div class=\"elementor-container elementor-column-gap-default\">\n\t\t\t\t\t<div class=\"elementor-column elementor-col-100 elementor-top-column elementor-element elementor-element-adf5203\" data-id=\"adf5203\" data-element_type=\"column\" data-e-type=\"column\">\n\t\t\t<div class=\"elementor-widget-wrap elementor-element-populated\">\n\t\t\t\t\t\t<div class=\"elementor-element elementor-element-2d64877 animated-slow elementor-invisible elementor-widget elementor-widget-text-editor\" data-id=\"2d64877\" data-element_type=\"widget\" data-e-type=\"widget\" data-settings=\"{&quot;_animation&quot;:&quot;slideInLeft&quot;}\" data-widget_type=\"text-editor.default\">\n\t\t\t\t<div class=\"elementor-widget-container\">\n\t\t\t\t\t\t\t\t\t<p style=\"text-align: center;\"><strong>Casa12: Ort der Begegnung<\/strong><\/p><p style=\"text-align: center;\"><strong>Wir suchen neue Mieter f\u00fcr zahlreiche Wohn- und Gewerber\u00e4ume in den R\u00e4umlichkeiten des ehemaligen \u00d6kozentrums Schwengiweg 12!<\/strong><\/p><p style=\"text-align: center;\"><strong>Mehr Infos siehe Men\u00fczeile!<\/strong><\/p>\t\t\t\t\t\t\t\t<\/div>\n\t\t\t\t<\/div>\n\t\t\t\t\t<\/div>\n\t\t<\/div>\n\t\t\t\t\t<\/div>\n\t\t<\/section>\n\t\t\t\t<section class=\"elementor-section elementor-top-section elementor-element elementor-element-ac80448 elementor-section-boxed elementor-section-height-default elementor-section-height-default\" data-id=\"ac80448\" data-element_type=\"section\" data-e-type=\"section\">\n\t\t\t\t\t\t<div class=\"elementor-container elementor-column-gap-default\">\n\t\t\t\t\t<div class=\"elementor-column elementor-col-100 elementor-top-column elementor-element elementor-element-ab1a5da\" data-id=\"ab1a5da\" data-element_type=\"column\" data-e-type=\"column\">\n\t\t\t<div class=\"elementor-widget-wrap elementor-element-populated\">\n\t\t\t\t\t\t<div class=\"elementor-element elementor-element-3a4c636 elementor-widget elementor-widget-spacer\" data-id=\"3a4c636\" data-element_type=\"widget\" data-e-type=\"widget\" data-widget_type=\"spacer.default\">\n\t\t\t\t<div class=\"elementor-widget-container\">\n\t\t\t\t\t\t\t<div class=\"elementor-spacer\">\n\t\t\t<div class=\"elementor-spacer-inner\"><\/div>\n\t\t<\/div>\n\t\t\t\t\t\t<\/div>\n\t\t\t\t<\/div>\n\t\t\t\t\t<\/div>\n\t\t<\/div>\n\t\t\t\t\t<\/div>\n\t\t<\/section>\n\t\t\t\t<section class=\"elementor-section elementor-top-section elementor-element elementor-element-aa97cc4 elementor-section-boxed elementor-section-height-default elementor-section-height-default\" data-id=\"aa97cc4\" data-element_type=\"section\" data-e-type=\"section\">\n\t\t\t\t\t\t<div class=\"elementor-container elementor-column-gap-default\">\n\t\t\t\t\t<div class=\"elementor-column elementor-col-25 elementor-top-column elementor-element elementor-element-322be85\" data-id=\"322be85\" data-element_type=\"column\" data-e-type=\"column\">\n\t\t\t<div class=\"elementor-widget-wrap elementor-element-populated\">\n\t\t\t\t\t\t<div class=\"elementor-element elementor-element-7e40475 elementor-widget elementor-widget-text-editor\" data-id=\"7e40475\" data-element_type=\"widget\" data-e-type=\"widget\" data-widget_type=\"text-editor.default\">\n\t\t\t\t<div class=\"elementor-widget-container\">\n\t\t\t\t\t\t\t\t\t<p><strong>Wir leben nachhaltig: Garten und Umgebung<\/strong><\/p><p>Wir erhalten den Charakter des historischen Parks des Sanatoriums, indem wir zum Beispiel alte Trockensteinmauern wieder aufbauen und die Allee pflegen. Wir unterhalten grosse Blumen-, Gem\u00fcse- und Obstg\u00e4rten ohne Einsatz von Pflanzenschutzmitteln und mineralischem D\u00fcnger. Zur Aufzucht von Setzlingen steht ein Glashaus zur Verf\u00fcgung. Jede Genossenschafts-Partie kann, wenn sie m\u00f6chte, einen Teil des Gartens selbst\u00e4ndig bearbeiten oder sich der bestehenden Gartengruppe anschliessen.<\/p>\t\t\t\t\t\t\t\t<\/div>\n\t\t\t\t<\/div>\n\t\t\t\t\t<\/div>\n\t\t<\/div>\n\t\t\t\t<div class=\"elementor-column elementor-col-25 elementor-top-column elementor-element elementor-element-e4dc7b7\" data-id=\"e4dc7b7\" data-element_type=\"column\" data-e-type=\"column\">\n\t\t\t<div class=\"elementor-widget-wrap elementor-element-populated\">\n\t\t\t\t\t\t<div class=\"elementor-element elementor-element-3cea2a8 elementor-widget elementor-widget-text-editor\" data-id=\"3cea2a8\" data-element_type=\"widget\" data-e-type=\"widget\" data-widget_type=\"text-editor.default\">\n\t\t\t\t<div class=\"elementor-widget-container\">\n\t\t\t\t\t\t\t\t\t<p><strong>Wir sind ann\u00e4hernd energieautark&nbsp;&nbsp;&nbsp;&nbsp;&nbsp;&nbsp;&nbsp;&nbsp;&nbsp;&nbsp;&nbsp;&nbsp;&nbsp;&nbsp;&nbsp;&nbsp;&nbsp;&nbsp;&nbsp; <br><\/strong><\/p>\n<p>Wir besitzen zwei Hektaren eigenen Wald und leben in einer der waldreichsten Gemeinden der Schweiz. Deshalb nutzen wir zum Heizen weitgehend eigenes Holz, welches zwar von F\u00f6rstern gef\u00e4llt und grob getrennt, aber von uns in Eigenarbeit aufbereitet, gelagert und im Keller versorgt wird. Weiteres Holz beziehen wir von benachbarten Bauernbetrieben bzw. als Pellets. Wir haben ausserdem mehrere Photovoltaik- und Solarwarmwasser-anlagen, die zuletzt 2023&nbsp; vergr\u00f6ssert wurden. Trotzdem gehen wir sparsam mit W\u00e4rme und Strom um.<\/p>\t\t\t\t\t\t\t\t<\/div>\n\t\t\t\t<\/div>\n\t\t\t\t\t<\/div>\n\t\t<\/div>\n\t\t\t\t<div class=\"elementor-column elementor-col-25 elementor-top-column elementor-element elementor-element-6323b4b\" data-id=\"6323b4b\" data-element_type=\"column\" data-e-type=\"column\">\n\t\t\t<div class=\"elementor-widget-wrap elementor-element-populated\">\n\t\t\t\t\t\t<div class=\"elementor-element elementor-element-62a0040 elementor-widget elementor-widget-text-editor\" data-id=\"62a0040\" data-element_type=\"widget\" data-e-type=\"widget\" data-widget_type=\"text-editor.default\">\n\t\t\t\t<div class=\"elementor-widget-container\">\n\t\t\t\t\t\t\t\t\t<p><strong>Wir pflegen Gemeinschaft\u00a0\u00a0\u00a0\u00a0\u00a0\u00a0\u00a0\u00a0\u00a0\u00a0\u00a0\u00a0\u00a0\u00a0\u00a0\u00a0\u00a0\u00a0\u00a0\u00a0\u00a0\u00a0\u00a0\u00a0\u00a0\u00a0\u00a0\u00a0\u00a0\u00a0\u00a0\u00a0\u00a0 <br \/><\/strong><\/p><p>Die gemeinsam genutzten R\u00e4ume (Treppenhaus, Holzwerkstatt, Fitness- und Gymnastikraum, W\u00e4scheraum, Feucht- und Trockenkeller sowie Schopf) pflegen wir im Wechsel zwischen allen Partien. Auch bei der Befeuerung des Zentralheizungs-Ofens wechseln wir uns t\u00e4glich ab.\u00a0 Regelm\u00e4ssig leisten wir gemeinsam die anfallenden Umlandarbeiten, indem wir Aktionstage festlegen, an denen wir uns zum Arbeiten treffen. Das macht dann mehr Spass. An regelm\u00e4ssigen Haussitzungen werden gemeinschaftliche Anliegen, Zukunftspl\u00e4ne und Projekte besprochen und entschieden. Bei uns sollen verschiedene Generationen, vom Kleinkind bis zum Senior, ihr Zuhause finden.<\/p>\t\t\t\t\t\t\t\t<\/div>\n\t\t\t\t<\/div>\n\t\t\t\t\t<\/div>\n\t\t<\/div>\n\t\t\t\t<div class=\"elementor-column elementor-col-25 elementor-top-column elementor-element elementor-element-be2d60b\" data-id=\"be2d60b\" data-element_type=\"column\" data-e-type=\"column\">\n\t\t\t<div class=\"elementor-widget-wrap elementor-element-populated\">\n\t\t\t\t\t\t<div class=\"elementor-element elementor-element-32336f2 elementor-widget elementor-widget-text-editor\" data-id=\"32336f2\" data-element_type=\"widget\" data-e-type=\"widget\" data-widget_type=\"text-editor.default\">\n\t\t\t\t<div class=\"elementor-widget-container\">\n\t\t\t\t\t\t\t\t\t<p><strong>Schadstoffe? Nein danke!\u00a0\u00a0\u00a0\u00a0\u00a0\u00a0\u00a0\u00a0\u00a0\u00a0\u00a0\u00a0\u00a0\u00a0\u00a0\u00a0\u00a0\u00a0\u00a0\u00a0\u00a0\u00a0\u00a0\u00a0\u00a0\u00a0\u00a0\u00a0\u00a0\u00a0 <br \/><\/strong><\/p><p>Langenbruck, das Passdorf am oberen Hauenstein, war um die vorletzte Jahrhundertwende landesweit als Luftkurort bekannt. Auch wenn es hier nicht mehr ganzj\u00e4hrig nebelfrei ist, haben wir doch eine sehr gute Luftqualit\u00e4t. Unser gesamtes Wasser beziehen wir aus einer eigenen Quelle, die sehr schmackhaftes und vergleichsweise kalkarmes Trinkwasser liefert. Unsere H\u00e4user wurden nach geo- und baubiologischen Gesichtspunkten geplant, gebaut bzw. saniert und instandgehalten. Das Wohnklima ist daher besonders angenehm.<\/p>\t\t\t\t\t\t\t\t<\/div>\n\t\t\t\t<\/div>\n\t\t\t\t\t<\/div>\n\t\t<\/div>\n\t\t\t\t\t<\/div>\n\t\t<\/section>\n\t\t\t\t<\/div>\n\t\t","protected":false},"excerpt":{"rendered":"<p>Sanatoriumsgeb\u00e4ude Casa12 Casa12: Ort der Begegnung Wir suchen neue Mieter f\u00fcr zahlreiche Wohn- und Gewerber\u00e4ume in den R\u00e4umlichkeiten des ehemaligen \u00d6kozentrums Schwengiweg 12! Mehr Infos siehe Men\u00fczeile! Wir leben nachhaltig: Garten und Umgebung Wir erhalten den Charakter des historischen Parks des Sanatoriums, indem wir zum Beispiel alte Trockensteinmauern wieder aufbauen und die Allee pflegen. Wir [&hellip;]<\/p>\n","protected":false},"author":1,"featured_media":0,"parent":0,"menu_order":0,"comment_status":"closed","ping_status":"closed","template":"","meta":{"ocean_post_layout":"full-screen","ocean_both_sidebars_style":"","ocean_both_sidebars_content_width":0,"ocean_both_sidebars_sidebars_width":0,"ocean_sidebar":"0","ocean_second_sidebar":"0","ocean_disable_margins":"enable","ocean_add_body_class":"","ocean_shortcode_before_top_bar":"","ocean_shortcode_after_top_bar":"","ocean_shortcode_before_header":"","ocean_shortcode_after_header":"","ocean_has_shortcode":"","ocean_shortcode_after_title":"","ocean_shortcode_before_footer_widgets":"","ocean_shortcode_after_footer_widgets":"","ocean_shortcode_before_footer_bottom":"","ocean_shortcode_after_footer_bottom":"","ocean_display_top_bar":"on","ocean_display_header":"on","ocean_header_style":"","ocean_center_header_left_menu":"0","ocean_custom_header_template":"0","ocean_custom_logo":0,"ocean_custom_retina_logo":0,"ocean_custom_logo_max_width":0,"ocean_custom_logo_tablet_max_width":0,"ocean_custom_logo_mobile_max_width":0,"ocean_custom_logo_max_height":0,"ocean_custom_logo_tablet_max_height":0,"ocean_custom_logo_mobile_max_height":0,"ocean_header_custom_menu":"0","ocean_menu_typo_font_family":"0","ocean_menu_typo_font_subset":"","ocean_menu_typo_font_size":0,"ocean_menu_typo_font_size_tablet":0,"ocean_menu_typo_font_size_mobile":0,"ocean_menu_typo_font_size_unit":"px","ocean_menu_typo_font_weight":"","ocean_menu_typo_font_weight_tablet":"","ocean_menu_typo_font_weight_mobile":"","ocean_menu_typo_transform":"","ocean_menu_typo_transform_tablet":"","ocean_menu_typo_transform_mobile":"","ocean_menu_typo_line_height":0,"ocean_menu_typo_line_height_tablet":0,"ocean_menu_typo_line_height_mobile":0,"ocean_menu_typo_line_height_unit":"","ocean_menu_typo_spacing":0,"ocean_menu_typo_spacing_tablet":0,"ocean_menu_typo_spacing_mobile":0,"ocean_menu_typo_spacing_unit":"","ocean_menu_link_color":"","ocean_menu_link_color_hover":"","ocean_menu_link_color_active":"","ocean_menu_link_background":"","ocean_menu_link_hover_background":"","ocean_menu_link_active_background":"","ocean_menu_social_links_bg":"","ocean_menu_social_hover_links_bg":"","ocean_menu_social_links_color":"","ocean_menu_social_hover_links_color":"","ocean_disable_title":"on","ocean_disable_heading":"enable","ocean_post_title":"","ocean_post_subheading":"","ocean_post_title_style":"","ocean_post_title_background_color":"","ocean_post_title_background":0,"ocean_post_title_bg_image_position":"","ocean_post_title_bg_image_attachment":"","ocean_post_title_bg_image_repeat":"","ocean_post_title_bg_image_size":"","ocean_post_title_height":0,"ocean_post_title_bg_overlay":0.5,"ocean_post_title_bg_overlay_color":"","ocean_disable_breadcrumbs":"default","ocean_breadcrumbs_color":"","ocean_breadcrumbs_separator_color":"","ocean_breadcrumbs_links_color":"","ocean_breadcrumbs_links_hover_color":"","ocean_display_footer_widgets":"on","ocean_display_footer_bottom":"on","ocean_custom_footer_template":"0","footnotes":""},"class_list":["post-8","page","type-page","status-publish","hentry","entry"],"_links":{"self":[{"href":"https:\/\/www.wohngenossenschaft-erzenberg.ch\/index.php\/wp-json\/wp\/v2\/pages\/8","targetHints":{"allow":["GET"]}}],"collection":[{"href":"https:\/\/www.wohngenossenschaft-erzenberg.ch\/index.php\/wp-json\/wp\/v2\/pages"}],"about":[{"href":"https:\/\/www.wohngenossenschaft-erzenberg.ch\/index.php\/wp-json\/wp\/v2\/types\/page"}],"author":[{"embeddable":true,"href":"https:\/\/www.wohngenossenschaft-erzenberg.ch\/index.php\/wp-json\/wp\/v2\/users\/1"}],"replies":[{"embeddable":true,"href":"https:\/\/www.wohngenossenschaft-erzenberg.ch\/index.php\/wp-json\/wp\/v2\/comments?post=8"}],"version-history":[{"count":109,"href":"https:\/\/www.wohngenossenschaft-erzenberg.ch\/index.php\/wp-json\/wp\/v2\/pages\/8\/revisions"}],"predecessor-version":[{"id":688,"href":"https:\/\/www.wohngenossenschaft-erzenberg.ch\/index.php\/wp-json\/wp\/v2\/pages\/8\/revisions\/688"}],"wp:attachment":[{"href":"https:\/\/www.wohngenossenschaft-erzenberg.ch\/index.php\/wp-json\/wp\/v2\/media?parent=8"}],"curies":[{"name":"wp","href":"https:\/\/api.w.org\/{rel}","templated":true}]}}