{"id":134,"date":"2020-11-14T16:22:50","date_gmt":"2020-11-14T16:22:50","guid":{"rendered":"https:\/\/www.wohngenossenschaft-erzenberg.ch\/?page_id=134"},"modified":"2020-11-14T16:36:54","modified_gmt":"2020-11-14T16:36:54","slug":"gemeinschaftsraeume","status":"publish","type":"page","link":"https:\/\/www.wohngenossenschaft-erzenberg.ch\/index.php\/gemeinschaftsraeume\/","title":{"rendered":"Gemeinschaftsr\u00e4ume"},"content":{"rendered":"\t\t<div data-elementor-type=\"wp-page\" data-elementor-id=\"134\" class=\"elementor elementor-134\">\n\t\t\t\t\t\t<section class=\"elementor-section elementor-top-section elementor-element elementor-element-0644586 elementor-section-boxed elementor-section-height-default elementor-section-height-default\" data-id=\"0644586\" data-element_type=\"section\" data-e-type=\"section\">\n\t\t\t\t\t\t<div class=\"elementor-container elementor-column-gap-default\">\n\t\t\t\t\t<div class=\"elementor-column elementor-col-100 elementor-top-column elementor-element elementor-element-801e297\" data-id=\"801e297\" data-element_type=\"column\" data-e-type=\"column\">\n\t\t\t<div class=\"elementor-widget-wrap elementor-element-populated\">\n\t\t\t\t\t\t<div class=\"elementor-element elementor-element-4aa116c elementor-widget elementor-widget-text-editor\" data-id=\"4aa116c\" data-element_type=\"widget\" data-e-type=\"widget\" data-widget_type=\"text-editor.default\">\n\t\t\t\t<div class=\"elementor-widget-container\">\n\t\t\t\t\t\t\t\t\t<p>Es gibt eine Reihe von gemeinschaftlich genutzten R\u00e4umen im Kellergeschoss des 6-Familienhauses (Sanatorium):<\/p><ul><li>Waschkeller mit zwei Profi-Waschmaschinen (Waschzeit 60\u00b0C Komplettw\u00e4sche nur 45 min)<\/li><li>Heizungsraum mit Trocknungsm\u00f6glichkeit f\u00fcr W\u00e4sche<\/li><li>Feuchtkeller (Lagerplatz f\u00fcr Obst und Gem\u00fcse)<\/li><li>Trockenkeller (Lagerplatz f\u00fcr Eingekochtes und Nahrungsmittelvorr\u00e4te)<\/li><li>grosse Tiefk\u00fchltruhe und Tiefk\u00fchlschrank<\/li><li>Holzwerkstatt mit grosser Hobelmaschine und Kreiss\u00e4ge, Absaugung, sowie diversen Handmaschinen<\/li><li>Holzlager<\/li><li>grosser Gymnastik- \/ Party- \/ Fitness- und Videoraum (flexibel nutzbar)<\/li><\/ul>\t\t\t\t\t\t\t\t<\/div>\n\t\t\t\t<\/div>\n\t\t\t\t\t<\/div>\n\t\t<\/div>\n\t\t\t\t\t<\/div>\n\t\t<\/section>\n\t\t\t\t<section class=\"elementor-section elementor-top-section elementor-element elementor-element-8ff47bc elementor-section-boxed elementor-section-height-default elementor-section-height-default\" data-id=\"8ff47bc\" data-element_type=\"section\" data-e-type=\"section\">\n\t\t\t\t\t\t<div class=\"elementor-container elementor-column-gap-default\">\n\t\t\t\t\t<div class=\"elementor-column elementor-col-100 elementor-top-column elementor-element elementor-element-20e0546\" data-id=\"20e0546\" data-element_type=\"column\" data-e-type=\"column\">\n\t\t\t<div class=\"elementor-widget-wrap elementor-element-populated\">\n\t\t\t\t\t\t<div class=\"elementor-element elementor-element-ef0b6ec elementor-widget elementor-widget-spacer\" data-id=\"ef0b6ec\" data-element_type=\"widget\" data-e-type=\"widget\" data-widget_type=\"spacer.default\">\n\t\t\t\t<div class=\"elementor-widget-container\">\n\t\t\t\t\t\t\t<div class=\"elementor-spacer\">\n\t\t\t<div class=\"elementor-spacer-inner\"><\/div>\n\t\t<\/div>\n\t\t\t\t\t\t<\/div>\n\t\t\t\t<\/div>\n\t\t\t\t\t<\/div>\n\t\t<\/div>\n\t\t\t\t\t<\/div>\n\t\t<\/section>\n\t\t\t\t<section class=\"elementor-section elementor-top-section elementor-element elementor-element-14ecb60 elementor-section-boxed elementor-section-height-default elementor-section-height-default\" data-id=\"14ecb60\" data-element_type=\"section\" data-e-type=\"section\">\n\t\t\t\t\t\t<div class=\"elementor-container elementor-column-gap-default\">\n\t\t\t\t\t<div class=\"elementor-column elementor-col-25 elementor-top-column elementor-element elementor-element-c574787\" data-id=\"c574787\" data-element_type=\"column\" data-e-type=\"column\">\n\t\t\t<div class=\"elementor-widget-wrap elementor-element-populated\">\n\t\t\t\t\t\t<div class=\"elementor-element elementor-element-003c088 elementor-widget elementor-widget-image\" data-id=\"003c088\" data-element_type=\"widget\" data-e-type=\"widget\" data-widget_type=\"image.default\">\n\t\t\t\t<div class=\"elementor-widget-container\">\n\t\t\t\t\t\t\t\t\t\t\t\t<figure class=\"wp-caption\">\n\t\t\t\t\t\t\t\t\t\t<img fetchpriority=\"high\" decoding=\"async\" width=\"208\" height=\"300\" src=\"https:\/\/www.wohngenossenschaft-erzenberg.ch\/wp-content\/uploads\/2020\/11\/CIMG1294-208x300.jpg\" class=\"attachment-medium size-medium wp-image-138\" alt=\"\" srcset=\"https:\/\/www.wohngenossenschaft-erzenberg.ch\/wp-content\/uploads\/2020\/11\/CIMG1294-208x300.jpg 208w, https:\/\/www.wohngenossenschaft-erzenberg.ch\/wp-content\/uploads\/2020\/11\/CIMG1294.jpg 554w\" sizes=\"(max-width: 208px) 100vw, 208px\" \/>\t\t\t\t\t\t\t\t\t\t\t<figcaption class=\"widget-image-caption wp-caption-text\">Waschmaschinen<\/figcaption>\n\t\t\t\t\t\t\t\t\t\t<\/figure>\n\t\t\t\t\t\t\t\t\t<\/div>\n\t\t\t\t<\/div>\n\t\t\t\t\t<\/div>\n\t\t<\/div>\n\t\t\t\t<div class=\"elementor-column elementor-col-25 elementor-top-column elementor-element elementor-element-b28a6d8\" data-id=\"b28a6d8\" data-element_type=\"column\" data-e-type=\"column\">\n\t\t\t<div class=\"elementor-widget-wrap elementor-element-populated\">\n\t\t\t\t\t\t<div class=\"elementor-element elementor-element-c12ec4f elementor-widget elementor-widget-image\" data-id=\"c12ec4f\" data-element_type=\"widget\" data-e-type=\"widget\" data-widget_type=\"image.default\">\n\t\t\t\t<div class=\"elementor-widget-container\">\n\t\t\t\t\t\t\t\t\t\t\t\t<figure class=\"wp-caption\">\n\t\t\t\t\t\t\t\t\t\t<img decoding=\"async\" width=\"225\" height=\"300\" src=\"https:\/\/www.wohngenossenschaft-erzenberg.ch\/wp-content\/uploads\/2020\/11\/CIMG1293-225x300.jpg\" class=\"attachment-medium size-medium wp-image-137\" alt=\"\" srcset=\"https:\/\/www.wohngenossenschaft-erzenberg.ch\/wp-content\/uploads\/2020\/11\/CIMG1293-225x300.jpg 225w, https:\/\/www.wohngenossenschaft-erzenberg.ch\/wp-content\/uploads\/2020\/11\/CIMG1293.jpg 600w\" sizes=\"(max-width: 225px) 100vw, 225px\" \/>\t\t\t\t\t\t\t\t\t\t\t<figcaption class=\"widget-image-caption wp-caption-text\">Feuchtkeller<\/figcaption>\n\t\t\t\t\t\t\t\t\t\t<\/figure>\n\t\t\t\t\t\t\t\t\t<\/div>\n\t\t\t\t<\/div>\n\t\t\t\t\t<\/div>\n\t\t<\/div>\n\t\t\t\t<div class=\"elementor-column elementor-col-25 elementor-top-column elementor-element elementor-element-361cc02\" data-id=\"361cc02\" data-element_type=\"column\" data-e-type=\"column\">\n\t\t\t<div class=\"elementor-widget-wrap elementor-element-populated\">\n\t\t\t\t\t\t<div class=\"elementor-element elementor-element-fdb5a7a elementor-widget elementor-widget-image\" data-id=\"fdb5a7a\" data-element_type=\"widget\" data-e-type=\"widget\" data-widget_type=\"image.default\">\n\t\t\t\t<div class=\"elementor-widget-container\">\n\t\t\t\t\t\t\t\t\t\t\t\t<figure class=\"wp-caption\">\n\t\t\t\t\t\t\t\t\t\t<img decoding=\"async\" width=\"225\" height=\"300\" src=\"https:\/\/www.wohngenossenschaft-erzenberg.ch\/wp-content\/uploads\/2020\/11\/CIMG1306-225x300.jpg\" class=\"attachment-medium size-medium wp-image-142\" alt=\"\" srcset=\"https:\/\/www.wohngenossenschaft-erzenberg.ch\/wp-content\/uploads\/2020\/11\/CIMG1306-225x300.jpg 225w, https:\/\/www.wohngenossenschaft-erzenberg.ch\/wp-content\/uploads\/2020\/11\/CIMG1306.jpg 600w\" sizes=\"(max-width: 225px) 100vw, 225px\" \/>\t\t\t\t\t\t\t\t\t\t\t<figcaption class=\"widget-image-caption wp-caption-text\">Trockenkeller<\/figcaption>\n\t\t\t\t\t\t\t\t\t\t<\/figure>\n\t\t\t\t\t\t\t\t\t<\/div>\n\t\t\t\t<\/div>\n\t\t\t\t\t<\/div>\n\t\t<\/div>\n\t\t\t\t<div class=\"elementor-column elementor-col-25 elementor-top-column elementor-element elementor-element-456751f\" data-id=\"456751f\" data-element_type=\"column\" data-e-type=\"column\">\n\t\t\t<div class=\"elementor-widget-wrap elementor-element-populated\">\n\t\t\t\t\t\t<div class=\"elementor-element elementor-element-b93b9c2 elementor-widget elementor-widget-image\" data-id=\"b93b9c2\" data-element_type=\"widget\" data-e-type=\"widget\" data-widget_type=\"image.default\">\n\t\t\t\t<div class=\"elementor-widget-container\">\n\t\t\t\t\t\t\t\t\t\t\t\t<figure class=\"wp-caption\">\n\t\t\t\t\t\t\t\t\t\t<img loading=\"lazy\" decoding=\"async\" width=\"300\" height=\"234\" src=\"https:\/\/www.wohngenossenschaft-erzenberg.ch\/wp-content\/uploads\/2020\/11\/CIMG1302-300x234.jpg\" class=\"attachment-medium size-medium wp-image-145\" alt=\"\" srcset=\"https:\/\/www.wohngenossenschaft-erzenberg.ch\/wp-content\/uploads\/2020\/11\/CIMG1302-300x234.jpg 300w, https:\/\/www.wohngenossenschaft-erzenberg.ch\/wp-content\/uploads\/2020\/11\/CIMG1302-768x600.jpg 768w, https:\/\/www.wohngenossenschaft-erzenberg.ch\/wp-content\/uploads\/2020\/11\/CIMG1302.jpg 800w\" sizes=\"(max-width: 300px) 100vw, 300px\" \/>\t\t\t\t\t\t\t\t\t\t\t<figcaption class=\"widget-image-caption wp-caption-text\">Holzwerkstatt (Hobelmaschine)<\/figcaption>\n\t\t\t\t\t\t\t\t\t\t<\/figure>\n\t\t\t\t\t\t\t\t\t<\/div>\n\t\t\t\t<\/div>\n\t\t\t\t\t<\/div>\n\t\t<\/div>\n\t\t\t\t\t<\/div>\n\t\t<\/section>\n\t\t\t\t<section class=\"elementor-section elementor-top-section elementor-element elementor-element-673e597 elementor-section-boxed elementor-section-height-default elementor-section-height-default\" data-id=\"673e597\" data-element_type=\"section\" data-e-type=\"section\">\n\t\t\t\t\t\t<div class=\"elementor-container elementor-column-gap-default\">\n\t\t\t\t\t<div class=\"elementor-column elementor-col-100 elementor-top-column elementor-element elementor-element-50c6d1b\" data-id=\"50c6d1b\" data-element_type=\"column\" data-e-type=\"column\">\n\t\t\t<div class=\"elementor-widget-wrap elementor-element-populated\">\n\t\t\t\t\t\t<div class=\"elementor-element elementor-element-a7960ac elementor-widget elementor-widget-spacer\" data-id=\"a7960ac\" data-element_type=\"widget\" data-e-type=\"widget\" data-widget_type=\"spacer.default\">\n\t\t\t\t<div class=\"elementor-widget-container\">\n\t\t\t\t\t\t\t<div class=\"elementor-spacer\">\n\t\t\t<div class=\"elementor-spacer-inner\"><\/div>\n\t\t<\/div>\n\t\t\t\t\t\t<\/div>\n\t\t\t\t<\/div>\n\t\t\t\t\t<\/div>\n\t\t<\/div>\n\t\t\t\t\t<\/div>\n\t\t<\/section>\n\t\t\t\t<section class=\"elementor-section elementor-top-section elementor-element elementor-element-b9c3819 elementor-section-boxed elementor-section-height-default elementor-section-height-default\" data-id=\"b9c3819\" data-element_type=\"section\" data-e-type=\"section\">\n\t\t\t\t\t\t<div class=\"elementor-container elementor-column-gap-default\">\n\t\t\t\t\t<div class=\"elementor-column elementor-col-25 elementor-top-column elementor-element elementor-element-f1ffc8c\" data-id=\"f1ffc8c\" data-element_type=\"column\" data-e-type=\"column\">\n\t\t\t<div class=\"elementor-widget-wrap elementor-element-populated\">\n\t\t\t\t\t\t<div class=\"elementor-element elementor-element-bf8dafc elementor-widget elementor-widget-image\" data-id=\"bf8dafc\" data-element_type=\"widget\" data-e-type=\"widget\" data-widget_type=\"image.default\">\n\t\t\t\t<div class=\"elementor-widget-container\">\n\t\t\t\t\t\t\t\t\t\t\t\t<figure class=\"wp-caption\">\n\t\t\t\t\t\t\t\t\t\t<img loading=\"lazy\" decoding=\"async\" width=\"300\" height=\"225\" src=\"https:\/\/www.wohngenossenschaft-erzenberg.ch\/wp-content\/uploads\/2020\/11\/CIMG1301-300x225.jpg\" class=\"attachment-medium size-medium wp-image-140\" alt=\"\" srcset=\"https:\/\/www.wohngenossenschaft-erzenberg.ch\/wp-content\/uploads\/2020\/11\/CIMG1301-300x225.jpg 300w, https:\/\/www.wohngenossenschaft-erzenberg.ch\/wp-content\/uploads\/2020\/11\/CIMG1301-768x576.jpg 768w, https:\/\/www.wohngenossenschaft-erzenberg.ch\/wp-content\/uploads\/2020\/11\/CIMG1301.jpg 800w\" sizes=\"(max-width: 300px) 100vw, 300px\" \/>\t\t\t\t\t\t\t\t\t\t\t<figcaption class=\"widget-image-caption wp-caption-text\">T\u00f6ggelikasten<\/figcaption>\n\t\t\t\t\t\t\t\t\t\t<\/figure>\n\t\t\t\t\t\t\t\t\t<\/div>\n\t\t\t\t<\/div>\n\t\t\t\t\t<\/div>\n\t\t<\/div>\n\t\t\t\t<div class=\"elementor-column elementor-col-25 elementor-top-column elementor-element elementor-element-0dded18\" data-id=\"0dded18\" data-element_type=\"column\" data-e-type=\"column\">\n\t\t\t<div class=\"elementor-widget-wrap elementor-element-populated\">\n\t\t\t\t\t\t<div class=\"elementor-element elementor-element-583d72f elementor-widget elementor-widget-image\" data-id=\"583d72f\" data-element_type=\"widget\" data-e-type=\"widget\" data-widget_type=\"image.default\">\n\t\t\t\t<div class=\"elementor-widget-container\">\n\t\t\t\t\t\t\t\t\t\t\t\t<figure class=\"wp-caption\">\n\t\t\t\t\t\t\t\t\t\t<img loading=\"lazy\" decoding=\"async\" width=\"300\" height=\"233\" src=\"https:\/\/www.wohngenossenschaft-erzenberg.ch\/wp-content\/uploads\/2020\/11\/CIMG1297-300x233.jpg\" class=\"attachment-medium size-medium wp-image-139\" alt=\"\" srcset=\"https:\/\/www.wohngenossenschaft-erzenberg.ch\/wp-content\/uploads\/2020\/11\/CIMG1297-300x233.jpg 300w, https:\/\/www.wohngenossenschaft-erzenberg.ch\/wp-content\/uploads\/2020\/11\/CIMG1297-768x596.jpg 768w, https:\/\/www.wohngenossenschaft-erzenberg.ch\/wp-content\/uploads\/2020\/11\/CIMG1297.jpg 800w\" sizes=\"(max-width: 300px) 100vw, 300px\" \/>\t\t\t\t\t\t\t\t\t\t\t<figcaption class=\"widget-image-caption wp-caption-text\">Gemeinschaftsraum<\/figcaption>\n\t\t\t\t\t\t\t\t\t\t<\/figure>\n\t\t\t\t\t\t\t\t\t<\/div>\n\t\t\t\t<\/div>\n\t\t\t\t\t<\/div>\n\t\t<\/div>\n\t\t\t\t<div class=\"elementor-column elementor-col-25 elementor-top-column elementor-element elementor-element-d4e40de\" data-id=\"d4e40de\" data-element_type=\"column\" data-e-type=\"column\">\n\t\t\t<div class=\"elementor-widget-wrap elementor-element-populated\">\n\t\t\t\t\t\t<div class=\"elementor-element elementor-element-792deb2 elementor-widget elementor-widget-image\" data-id=\"792deb2\" data-element_type=\"widget\" data-e-type=\"widget\" data-widget_type=\"image.default\">\n\t\t\t\t<div class=\"elementor-widget-container\">\n\t\t\t\t\t\t\t\t\t\t\t\t<figure class=\"wp-caption\">\n\t\t\t\t\t\t\t\t\t\t<img loading=\"lazy\" decoding=\"async\" width=\"300\" height=\"225\" src=\"https:\/\/www.wohngenossenschaft-erzenberg.ch\/wp-content\/uploads\/2020\/11\/CIMG1298-300x225.jpg\" class=\"attachment-medium size-medium wp-image-143\" alt=\"\" srcset=\"https:\/\/www.wohngenossenschaft-erzenberg.ch\/wp-content\/uploads\/2020\/11\/CIMG1298-300x225.jpg 300w, https:\/\/www.wohngenossenschaft-erzenberg.ch\/wp-content\/uploads\/2020\/11\/CIMG1298-768x576.jpg 768w, https:\/\/www.wohngenossenschaft-erzenberg.ch\/wp-content\/uploads\/2020\/11\/CIMG1298.jpg 800w\" sizes=\"(max-width: 300px) 100vw, 300px\" \/>\t\t\t\t\t\t\t\t\t\t\t<figcaption class=\"widget-image-caption wp-caption-text\">Gemeinschaftsraum<\/figcaption>\n\t\t\t\t\t\t\t\t\t\t<\/figure>\n\t\t\t\t\t\t\t\t\t<\/div>\n\t\t\t\t<\/div>\n\t\t\t\t\t<\/div>\n\t\t<\/div>\n\t\t\t\t<div class=\"elementor-column elementor-col-25 elementor-top-column elementor-element elementor-element-8ffff1b\" data-id=\"8ffff1b\" data-element_type=\"column\" data-e-type=\"column\">\n\t\t\t<div class=\"elementor-widget-wrap elementor-element-populated\">\n\t\t\t\t\t\t<div class=\"elementor-element elementor-element-987497c elementor-widget elementor-widget-image\" data-id=\"987497c\" data-element_type=\"widget\" data-e-type=\"widget\" data-widget_type=\"image.default\">\n\t\t\t\t<div class=\"elementor-widget-container\">\n\t\t\t\t\t\t\t\t\t\t\t\t<figure class=\"wp-caption\">\n\t\t\t\t\t\t\t\t\t\t<img loading=\"lazy\" decoding=\"async\" width=\"300\" height=\"219\" src=\"https:\/\/www.wohngenossenschaft-erzenberg.ch\/wp-content\/uploads\/2020\/11\/CIMG1303-300x219.jpg\" class=\"attachment-medium size-medium wp-image-141\" alt=\"\" srcset=\"https:\/\/www.wohngenossenschaft-erzenberg.ch\/wp-content\/uploads\/2020\/11\/CIMG1303-300x219.jpg 300w, https:\/\/www.wohngenossenschaft-erzenberg.ch\/wp-content\/uploads\/2020\/11\/CIMG1303-768x560.jpg 768w, https:\/\/www.wohngenossenschaft-erzenberg.ch\/wp-content\/uploads\/2020\/11\/CIMG1303.jpg 800w\" sizes=\"(max-width: 300px) 100vw, 300px\" \/>\t\t\t\t\t\t\t\t\t\t\t<figcaption class=\"widget-image-caption wp-caption-text\">Holzwerkstatt (Kreiss\u00e4ge)<\/figcaption>\n\t\t\t\t\t\t\t\t\t\t<\/figure>\n\t\t\t\t\t\t\t\t\t<\/div>\n\t\t\t\t<\/div>\n\t\t\t\t\t<\/div>\n\t\t<\/div>\n\t\t\t\t\t<\/div>\n\t\t<\/section>\n\t\t\t\t<\/div>\n\t\t","protected":false},"excerpt":{"rendered":"<p>Es gibt eine Reihe von gemeinschaftlich genutzten R\u00e4umen im Kellergeschoss des 6-Familienhauses (Sanatorium): Waschkeller mit zwei Profi-Waschmaschinen (Waschzeit 60\u00b0C Komplettw\u00e4sche nur 45 min) Heizungsraum mit Trocknungsm\u00f6glichkeit f\u00fcr W\u00e4sche Feuchtkeller (Lagerplatz f\u00fcr Obst und Gem\u00fcse) Trockenkeller (Lagerplatz f\u00fcr Eingekochtes und Nahrungsmittelvorr\u00e4te) grosse Tiefk\u00fchltruhe und Tiefk\u00fchlschrank Holzwerkstatt mit grosser Hobelmaschine und Kreiss\u00e4ge, Absaugung, sowie diversen Handmaschinen Holzlager [&hellip;]<\/p>\n","protected":false},"author":1,"featured_media":0,"parent":0,"menu_order":0,"comment_status":"closed","ping_status":"closed","template":"","meta":{"ocean_post_layout":"full-screen","ocean_both_sidebars_style":"","ocean_both_sidebars_content_width":0,"ocean_both_sidebars_sidebars_width":0,"ocean_sidebar":"0","ocean_second_sidebar":"0","ocean_disable_margins":"enable","ocean_add_body_class":"","ocean_shortcode_before_top_bar":"","ocean_shortcode_after_top_bar":"","ocean_shortcode_before_header":"","ocean_shortcode_after_header":"","ocean_has_shortcode":"","ocean_shortcode_after_title":"","ocean_shortcode_before_footer_widgets":"","ocean_shortcode_after_footer_widgets":"","ocean_shortcode_before_footer_bottom":"","ocean_shortcode_after_footer_bottom":"","ocean_display_top_bar":"default","ocean_display_header":"default","ocean_header_style":"","ocean_center_header_left_menu":"0","ocean_custom_header_template":"0","ocean_custom_logo":0,"ocean_custom_retina_logo":0,"ocean_custom_logo_max_width":0,"ocean_custom_logo_tablet_max_width":0,"ocean_custom_logo_mobile_max_width":0,"ocean_custom_logo_max_height":0,"ocean_custom_logo_tablet_max_height":0,"ocean_custom_logo_mobile_max_height":0,"ocean_header_custom_menu":"0","ocean_menu_typo_font_family":"0","ocean_menu_typo_font_subset":"","ocean_menu_typo_font_size":0,"ocean_menu_typo_font_size_tablet":0,"ocean_menu_typo_font_size_mobile":0,"ocean_menu_typo_font_size_unit":"px","ocean_menu_typo_font_weight":"","ocean_menu_typo_font_weight_tablet":"","ocean_menu_typo_font_weight_mobile":"","ocean_menu_typo_transform":"","ocean_menu_typo_transform_tablet":"","ocean_menu_typo_transform_mobile":"","ocean_menu_typo_line_height":0,"ocean_menu_typo_line_height_tablet":0,"ocean_menu_typo_line_height_mobile":0,"ocean_menu_typo_line_height_unit":"","ocean_menu_typo_spacing":0,"ocean_menu_typo_spacing_tablet":0,"ocean_menu_typo_spacing_mobile":0,"ocean_menu_typo_spacing_unit":"","ocean_menu_link_color":"","ocean_menu_link_color_hover":"","ocean_menu_link_color_active":"","ocean_menu_link_background":"","ocean_menu_link_hover_background":"","ocean_menu_link_active_background":"","ocean_menu_social_links_bg":"","ocean_menu_social_hover_links_bg":"","ocean_menu_social_links_color":"","ocean_menu_social_hover_links_color":"","ocean_disable_title":"default","ocean_disable_heading":"default","ocean_post_title":"","ocean_post_subheading":"","ocean_post_title_style":"","ocean_post_title_background_color":"","ocean_post_title_background":0,"ocean_post_title_bg_image_position":"","ocean_post_title_bg_image_attachment":"","ocean_post_title_bg_image_repeat":"","ocean_post_title_bg_image_size":"","ocean_post_title_height":0,"ocean_post_title_bg_overlay":0.5,"ocean_post_title_bg_overlay_color":"","ocean_disable_breadcrumbs":"default","ocean_breadcrumbs_color":"","ocean_breadcrumbs_separator_color":"","ocean_breadcrumbs_links_color":"","ocean_breadcrumbs_links_hover_color":"","ocean_display_footer_widgets":"default","ocean_display_footer_bottom":"default","ocean_custom_footer_template":"0","footnotes":""},"class_list":["post-134","page","type-page","status-publish","hentry","entry"],"_links":{"self":[{"href":"https:\/\/www.wohngenossenschaft-erzenberg.ch\/index.php\/wp-json\/wp\/v2\/pages\/134","targetHints":{"allow":["GET"]}}],"collection":[{"href":"https:\/\/www.wohngenossenschaft-erzenberg.ch\/index.php\/wp-json\/wp\/v2\/pages"}],"about":[{"href":"https:\/\/www.wohngenossenschaft-erzenberg.ch\/index.php\/wp-json\/wp\/v2\/types\/page"}],"author":[{"embeddable":true,"href":"https:\/\/www.wohngenossenschaft-erzenberg.ch\/index.php\/wp-json\/wp\/v2\/users\/1"}],"replies":[{"embeddable":true,"href":"https:\/\/www.wohngenossenschaft-erzenberg.ch\/index.php\/wp-json\/wp\/v2\/comments?post=134"}],"version-history":[{"count":4,"href":"https:\/\/www.wohngenossenschaft-erzenberg.ch\/index.php\/wp-json\/wp\/v2\/pages\/134\/revisions"}],"predecessor-version":[{"id":148,"href":"https:\/\/www.wohngenossenschaft-erzenberg.ch\/index.php\/wp-json\/wp\/v2\/pages\/134\/revisions\/148"}],"wp:attachment":[{"href":"https:\/\/www.wohngenossenschaft-erzenberg.ch\/index.php\/wp-json\/wp\/v2\/media?parent=134"}],"curies":[{"name":"wp","href":"https:\/\/api.w.org\/{rel}","templated":true}]}}